{"id":388,"date":"2022-08-12T13:32:41","date_gmt":"2022-08-12T13:32:41","guid":{"rendered":"http:\/\/merveyaman.com\/?page_id=388"},"modified":"2022-08-12T13:33:12","modified_gmt":"2022-08-12T13:33:12","slug":"sanal-gerceklik-ile-ucus-korkusu-tedavisi-2","status":"publish","type":"page","link":"http:\/\/merveyaman.com\/index.php\/sanal-gerceklik-ile-ucus-korkusu-tedavisi-2\/","title":{"rendered":"SANAL GER\u00c7EKL\u0130K \u0130LE U\u00c7U\u015e KORKUSU TEDAV\u0130S\u0130"},"content":{"rendered":"\t\t<div data-elementor-type=\"wp-page\" data-elementor-id=\"388\" class=\"elementor elementor-388\">\n\t\t\t\t\t\t\t\t\t<section class=\"elementor-section elementor-top-section elementor-element elementor-element-2dcc2df0 elementor-section-full_width elementor-section-content-middle elementor-section-height-default elementor-section-height-default\" data-id=\"2dcc2df0\" data-element_type=\"section\">\n\t\t\t\t\t\t\t<div class=\"elementor-background-overlay\"><\/div>\n\t\t\t\t\t\t\t<div class=\"elementor-container elementor-column-gap-no\">\n\t\t\t\t\t<div class=\"elementor-column elementor-col-50 elementor-top-column elementor-element elementor-element-7722a5c8\" data-id=\"7722a5c8\" data-element_type=\"column\" data-settings=\"{&quot;background_background&quot;:&quot;classic&quot;}\">\n\t\t\t<div class=\"elementor-widget-wrap elementor-element-populated\">\n\t\t\t\t\t<div class=\"elementor-background-overlay\"><\/div>\n\t\t\t\t\t\t\t\t<div class=\"elementor-element elementor-element-5a8100bc elementor-widget elementor-widget-text-editor\" data-id=\"5a8100bc\" data-element_type=\"widget\" data-widget_type=\"text-editor.default\">\n\t\t\t\t<div class=\"elementor-widget-container\">\n\t\t\t<style>\/*! elementor - v3.6.7 - 03-07-2022 *\/\n.elementor-widget-text-editor.elementor-drop-cap-view-stacked .elementor-drop-cap{background-color:#818a91;color:#fff}.elementor-widget-text-editor.elementor-drop-cap-view-framed .elementor-drop-cap{color:#818a91;border:3px solid;background-color:transparent}.elementor-widget-text-editor:not(.elementor-drop-cap-view-default) .elementor-drop-cap{margin-top:8px}.elementor-widget-text-editor:not(.elementor-drop-cap-view-default) .elementor-drop-cap-letter{width:1em;height:1em}.elementor-widget-text-editor .elementor-drop-cap{float:left;text-align:center;line-height:1;font-size:50px}.elementor-widget-text-editor .elementor-drop-cap-letter{display:inline-block}<\/style>\t\t\t\t<p>UZM. PS\u0130KOLOG<\/p>\t\t\t\t\t\t<\/div>\n\t\t\t\t<\/div>\n\t\t\t\t<div class=\"elementor-element elementor-element-2098d0da elementor-widget elementor-widget-heading\" data-id=\"2098d0da\" data-element_type=\"widget\" data-widget_type=\"heading.default\">\n\t\t\t\t<div class=\"elementor-widget-container\">\n\t\t\t<style>\/*! elementor - v3.6.7 - 03-07-2022 *\/\n.elementor-heading-title{padding:0;margin:0;line-height:1}.elementor-widget-heading .elementor-heading-title[class*=elementor-size-]>a{color:inherit;font-size:inherit;line-height:inherit}.elementor-widget-heading .elementor-heading-title.elementor-size-small{font-size:15px}.elementor-widget-heading .elementor-heading-title.elementor-size-medium{font-size:19px}.elementor-widget-heading .elementor-heading-title.elementor-size-large{font-size:29px}.elementor-widget-heading .elementor-heading-title.elementor-size-xl{font-size:39px}.elementor-widget-heading .elementor-heading-title.elementor-size-xxl{font-size:59px}<\/style><h3 class=\"elementor-heading-title elementor-size-default\">MERVE<br>YAMAN<\/h3>\t\t<\/div>\n\t\t\t\t<\/div>\n\t\t\t\t<div class=\"elementor-element elementor-element-f8df7f1 elementor-widget elementor-widget-text-editor\" data-id=\"f8df7f1\" data-element_type=\"widget\" data-widget_type=\"text-editor.default\">\n\t\t\t\t<div class=\"elementor-widget-container\">\n\t\t\t\t\t\t\t<p><b>PhD &#8211; Klinik Psikolog | Havac\u0131l\u0131k Psikolo\u011fu | VR Terapisti<\/b><\/p>\t\t\t\t\t\t<\/div>\n\t\t\t\t<\/div>\n\t\t\t\t<div class=\"elementor-element elementor-element-699241ec elementor-widget-divider--view-line elementor-widget elementor-widget-divider\" data-id=\"699241ec\" data-element_type=\"widget\" data-widget_type=\"divider.default\">\n\t\t\t\t<div class=\"elementor-widget-container\">\n\t\t\t<style>\/*! elementor - v3.6.7 - 03-07-2022 *\/\n.elementor-widget-divider{--divider-border-style:none;--divider-border-width:1px;--divider-color:#2c2c2c;--divider-icon-size:20px;--divider-element-spacing:10px;--divider-pattern-height:24px;--divider-pattern-size:20px;--divider-pattern-url:none;--divider-pattern-repeat:repeat-x}.elementor-widget-divider .elementor-divider{display:-webkit-box;display:-ms-flexbox;display:flex}.elementor-widget-divider .elementor-divider__text{font-size:15px;line-height:1;max-width:95%}.elementor-widget-divider .elementor-divider__element{margin:0 var(--divider-element-spacing);-ms-flex-negative:0;flex-shrink:0}.elementor-widget-divider .elementor-icon{font-size:var(--divider-icon-size)}.elementor-widget-divider .elementor-divider-separator{display:-webkit-box;display:-ms-flexbox;display:flex;margin:0;direction:ltr}.elementor-widget-divider--view-line_icon .elementor-divider-separator,.elementor-widget-divider--view-line_text .elementor-divider-separator{-webkit-box-align:center;-ms-flex-align:center;align-items:center}.elementor-widget-divider--view-line_icon .elementor-divider-separator:after,.elementor-widget-divider--view-line_icon .elementor-divider-separator:before,.elementor-widget-divider--view-line_text .elementor-divider-separator:after,.elementor-widget-divider--view-line_text .elementor-divider-separator:before{display:block;content:\"\";border-bottom:0;-webkit-box-flex:1;-ms-flex-positive:1;flex-grow:1;border-top:var(--divider-border-width) var(--divider-border-style) var(--divider-color)}.elementor-widget-divider--element-align-left .elementor-divider .elementor-divider-separator>.elementor-divider__svg:first-of-type{-webkit-box-flex:0;-ms-flex-positive:0;flex-grow:0;-ms-flex-negative:100;flex-shrink:100}.elementor-widget-divider--element-align-left .elementor-divider-separator:before{content:none}.elementor-widget-divider--element-align-left .elementor-divider__element{margin-left:0}.elementor-widget-divider--element-align-right .elementor-divider .elementor-divider-separator>.elementor-divider__svg:last-of-type{-webkit-box-flex:0;-ms-flex-positive:0;flex-grow:0;-ms-flex-negative:100;flex-shrink:100}.elementor-widget-divider--element-align-right .elementor-divider-separator:after{content:none}.elementor-widget-divider--element-align-right .elementor-divider__element{margin-right:0}.elementor-widget-divider:not(.elementor-widget-divider--view-line_text):not(.elementor-widget-divider--view-line_icon) .elementor-divider-separator{border-top:var(--divider-border-width) var(--divider-border-style) var(--divider-color)}.elementor-widget-divider--separator-type-pattern{--divider-border-style:none}.elementor-widget-divider--separator-type-pattern.elementor-widget-divider--view-line .elementor-divider-separator,.elementor-widget-divider--separator-type-pattern:not(.elementor-widget-divider--view-line) .elementor-divider-separator:after,.elementor-widget-divider--separator-type-pattern:not(.elementor-widget-divider--view-line) .elementor-divider-separator:before,.elementor-widget-divider--separator-type-pattern:not([class*=elementor-widget-divider--view]) .elementor-divider-separator{width:100%;min-height:var(--divider-pattern-height);-webkit-mask-size:var(--divider-pattern-size) 100%;mask-size:var(--divider-pattern-size) 100%;-webkit-mask-repeat:var(--divider-pattern-repeat);mask-repeat:var(--divider-pattern-repeat);background-color:var(--divider-color);-webkit-mask-image:var(--divider-pattern-url);mask-image:var(--divider-pattern-url)}.elementor-widget-divider--no-spacing{--divider-pattern-size:auto}.elementor-widget-divider--bg-round{--divider-pattern-repeat:round}.rtl .elementor-widget-divider .elementor-divider__text{direction:rtl}<\/style>\t\t<div class=\"elementor-divider\">\n\t\t\t<span class=\"elementor-divider-separator\">\n\t\t\t\t\t\t<\/span>\n\t\t<\/div>\n\t\t\t\t<\/div>\n\t\t\t\t<\/div>\n\t\t\t\t\t<\/div>\n\t\t<\/div>\n\t\t\t\t<div class=\"elementor-column elementor-col-50 elementor-top-column elementor-element elementor-element-4bf0e577\" data-id=\"4bf0e577\" data-element_type=\"column\">\n\t\t\t<div class=\"elementor-widget-wrap elementor-element-populated\">\n\t\t\t\t\t\t\t\t<div class=\"elementor-element elementor-element-e0e3791 elementor-widget elementor-widget-image\" data-id=\"e0e3791\" data-element_type=\"widget\" data-widget_type=\"image.default\">\n\t\t\t\t<div class=\"elementor-widget-container\">\n\t\t\t<style>\/*! elementor - v3.6.7 - 03-07-2022 *\/\n.elementor-widget-image{text-align:center}.elementor-widget-image a{display:inline-block}.elementor-widget-image a img[src$=\".svg\"]{width:48px}.elementor-widget-image img{vertical-align:middle;display:inline-block}<\/style>\t\t\t\t\t\t\t\t\t\t\t\t<img width=\"481\" height=\"666\" src=\"http:\/\/merveyaman.com\/wp-content\/uploads\/2022\/07\/merve_yaman.png\" class=\"attachment-full size-full\" alt=\"\" loading=\"lazy\" srcset=\"http:\/\/merveyaman.com\/wp-content\/uploads\/2022\/07\/merve_yaman.png 481w, http:\/\/merveyaman.com\/wp-content\/uploads\/2022\/07\/merve_yaman-217x300.png 217w\" sizes=\"(max-width: 481px) 100vw, 481px\" \/>\t\t\t\t\t\t\t\t\t\t\t\t\t\t\t<\/div>\n\t\t\t\t<\/div>\n\t\t\t\t\t<\/div>\n\t\t<\/div>\n\t\t\t\t\t\t\t<\/div>\n\t\t<\/section>\n\t\t\t\t<section class=\"elementor-section elementor-top-section elementor-element elementor-element-a83f6a7 elementor-section-content-top elementor-section-boxed elementor-section-height-default elementor-section-height-default\" data-id=\"a83f6a7\" data-element_type=\"section\" data-settings=\"{&quot;background_background&quot;:&quot;classic&quot;}\">\n\t\t\t\t\t\t<div class=\"elementor-container elementor-column-gap-no\">\n\t\t\t\t\t<div class=\"elementor-column elementor-col-100 elementor-top-column elementor-element elementor-element-cad7c8a\" data-id=\"cad7c8a\" data-element_type=\"column\">\n\t\t\t<div class=\"elementor-widget-wrap elementor-element-populated\">\n\t\t\t\t\t\t\t\t<div class=\"elementor-element elementor-element-39d094b elementor-widget-divider--view-line elementor-widget elementor-widget-divider\" data-id=\"39d094b\" data-element_type=\"widget\" data-widget_type=\"divider.default\">\n\t\t\t\t<div class=\"elementor-widget-container\">\n\t\t\t\t\t<div class=\"elementor-divider\">\n\t\t\t<span class=\"elementor-divider-separator\">\n\t\t\t\t\t\t<\/span>\n\t\t<\/div>\n\t\t\t\t<\/div>\n\t\t\t\t<\/div>\n\t\t\t\t<div class=\"elementor-element elementor-element-e97f472 elementor-widget elementor-widget-heading\" data-id=\"e97f472\" data-element_type=\"widget\" data-widget_type=\"heading.default\">\n\t\t\t\t<div class=\"elementor-widget-container\">\n\t\t\t<h2 class=\"elementor-heading-title elementor-size-default\">MAKALELER<\/h2>\t\t<\/div>\n\t\t\t\t<\/div>\n\t\t\t\t\t<\/div>\n\t\t<\/div>\n\t\t\t\t\t\t\t<\/div>\n\t\t<\/section>\n\t\t\t\t<section class=\"elementor-section elementor-top-section elementor-element elementor-element-71c16c3 elementor-section-boxed elementor-section-height-default elementor-section-height-default\" data-id=\"71c16c3\" data-element_type=\"section\">\n\t\t\t\t\t\t<div class=\"elementor-container elementor-column-gap-default\">\n\t\t\t\t\t<div class=\"elementor-column elementor-col-100 elementor-top-column elementor-element elementor-element-8ff0463\" data-id=\"8ff0463\" data-element_type=\"column\">\n\t\t\t<div class=\"elementor-widget-wrap elementor-element-populated\">\n\t\t\t\t\t\t\t\t<div class=\"elementor-element elementor-element-aecf299 elementor-widget elementor-widget-text-editor\" data-id=\"aecf299\" data-element_type=\"widget\" data-widget_type=\"text-editor.default\">\n\t\t\t\t<div class=\"elementor-widget-container\">\n\t\t\t\t\t\t\t<h3 class=\"p1\">SANAL GER\u00c7EKL\u0130K \u0130LE U\u00c7U\u015e KORKUSU TEDAV\u0130S\u0130<\/h3><p class=\"p1\">Geli\u015fen teknoloji ile beraber t\u00fcm hizmet alanlar\u0131nda oldu\u011fu gibi psikoloji alan\u0131nda da geli\u015fmeler devam etmektedir. \u00d6zellikle Sanal Ger\u00e7eklik (VR) Teknolojisinin, psikoloji sahas\u0131na h\u0131zl\u0131 bir giri\u015f yapt\u0131\u011f\u0131\u00a0ve bu alanda ara\u015ft\u0131rmalar\u0131n hala devam etti\u011fi g\u00f6r\u00fclmektedir.<\/p><p class=\"p2\">Son 10 y\u0131ld\u0131r yap\u0131lan \u00e7al\u0131\u015fmalar ile Sanal Ger\u00e7eklik (<i>Virtual Reality-VR<\/i>) teknolojisi kullan\u0131larak yap\u0131lan psikoterapi seanslar\u0131nda ciddi bir zaman tasarrufu oldu\u011fu, ayn\u0131 zamanda maddi tasarruf sa\u011flad\u0131\u011f\u0131 ve buna ek olarak geleneksel terapi y\u00f6ntemlerine k\u0131yasla daha h\u0131zl\u0131 ve kal\u0131c\u0131 iyile\u015fme oranlar\u0131 g\u00f6sterdi\u011fi belirtilmektedir.<\/p><p class=\"p1\">Bu geli\u015fmeler \u0131\u015f\u0131\u011f\u0131nda; u\u00e7u\u015f korkusu gibi \u00e7ok belirgin ve somut bir sorun alan\u0131 sanal ger\u00e7eklik g\u00f6zl\u00fc\u011f\u00fc ile h\u0131zla \u00e7\u00f6z\u00fclebilmektedir. VR ile u\u00e7u\u015f korkusu tedavisi; sadece 2 g\u00fcn toplamda 6-8 saat s\u00fcrmekte ve u\u00e7a\u011f\u0131n kalkmas\u0131, u\u00e7mas\u0131, t\u00fcrb\u00fclans deneyimi ve u\u00e7a\u011f\u0131n inmesine kadar olan t\u00fcm s\u00fcreci istedi\u011fi kadar prova ederek deneyimleme \u015fans\u0131 sunmaktad\u0131r.<\/p><p class=\"p1\">Sanal Ger\u00e7eklik teknolojisinin en b\u00fcy\u00fck sundu\u011fu imkan; geleneksel terapilerde yap\u0131lan \u2018G\u00f6rsel \u0130majinasyon\u2019 egzersizine gerek kalmadan ki\u015finin sanal d\u00fcnyada ka\u00e7\u0131n\u0131lan ve korku duyulan ortam veya nesneye maruz kalarak duyars\u0131zla\u015fmas\u0131d\u0131r.<\/p><p class=\"p1\">U\u00e7u\u015f korkusunun \u2018Sanal Ger\u00e7eklik Teknolojisi\u2019 kullanarak iyile\u015fme oran\u0131 %95 ve \u00fczeri olarak yap\u0131lan \u00e7al\u0131\u015fmalarla bulgulanm\u0131\u015ft\u0131r.<\/p><p class=\"p1\">Elbette bu yenilik\u00e7i y\u00f6ntem; kariyeri ya da e\u011fitimi gere\u011fi s\u0131k s\u0131k u\u00e7mas\u0131 gereken ki\u015filerle beraber, y\u0131llard\u0131r kontrol edemedikleri d\u00fczeyde korku ya\u015fayan ve u\u00e7a\u011fa binemeyen ki\u015fileri yak\u0131ndan ilgilendirmektedir.<\/p><p class=\"p1\">Hem h\u0131zl\u0131, hem kal\u0131c\u0131 hem de ekonomik olan bu y\u00f6ntemde, deneyimli klinik psikologlar e\u015fli\u011finde seanslar yap\u0131land\u0131r\u0131lmakta ve s\u00fcre\u00e7 beraber de\u011ferlendirilerek ki\u015finin mevcut durumu tespit edilmektedir.<\/p>\t\t\t\t\t\t<\/div>\n\t\t\t\t<\/div>\n\t\t\t\t\t<\/div>\n\t\t<\/div>\n\t\t\t\t\t\t\t<\/div>\n\t\t<\/section>\n\t\t\t\t<section class=\"elementor-section elementor-top-section elementor-element elementor-element-6da89cb elementor-section-boxed elementor-section-height-default elementor-section-height-default\" data-id=\"6da89cb\" data-element_type=\"section\">\n\t\t\t\t\t\t<div class=\"elementor-container elementor-column-gap-default\">\n\t\t\t\t\t<div class=\"elementor-column elementor-col-100 elementor-top-column elementor-element elementor-element-8e3264e\" data-id=\"8e3264e\" data-element_type=\"column\">\n\t\t\t<div class=\"elementor-widget-wrap elementor-element-populated\">\n\t\t\t\t\t\t\t\t<div class=\"elementor-element elementor-element-6d674c4 elementor-align-center elementor-invisible elementor-widget elementor-widget-button\" data-id=\"6d674c4\" data-element_type=\"widget\" data-settings=\"{&quot;_animation&quot;:&quot;fadeIn&quot;}\" data-widget_type=\"button.default\">\n\t\t\t\t<div class=\"elementor-widget-container\">\n\t\t\t\t\t<div class=\"elementor-button-wrapper\">\n\t\t\t<a href=\"http:\/\/merveyaman.com\/index.php\/makaleler\/\" class=\"elementor-button-link elementor-button elementor-size-sm\" role=\"button\">\n\t\t\t\t\t\t<span class=\"elementor-button-content-wrapper\">\n\t\t\t\t\t\t<span class=\"elementor-button-text\">T\u00fcm Makaleler<\/span>\n\t\t<\/span>\n\t\t\t\t\t<\/a>\n\t\t<\/div>\n\t\t\t\t<\/div>\n\t\t\t\t<\/div>\n\t\t\t\t\t<\/div>\n\t\t<\/div>\n\t\t\t\t\t\t\t<\/div>\n\t\t<\/section>\n\t\t\t\t\t\t\t<\/div>\n\t\t","protected":false},"excerpt":{"rendered":"<p>UZM. PS\u0130KOLOG MERVEYAMAN PhD &#8211; Klinik Psikolog | Havac\u0131l\u0131k Psikolo\u011fu | VR Terapisti MAKALELER SANAL GER\u00c7EKL\u0130K \u0130LE U\u00c7U\u015e KORKUSU TEDAV\u0130S\u0130 Geli\u015fen teknoloji ile beraber t\u00fcm hizmet alanlar\u0131nda oldu\u011fu gibi psikoloji alan\u0131nda da geli\u015fmeler devam etmektedir. \u00d6zellikle Sanal Ger\u00e7eklik (VR) Teknolojisinin, psikoloji sahas\u0131na h\u0131zl\u0131 bir giri\u015f yapt\u0131\u011f\u0131\u00a0ve bu alanda ara\u015ft\u0131rmalar\u0131n hala devam etti\u011fi g\u00f6r\u00fclmektedir. Son 10 [&hellip;]<\/p>\n","protected":false},"author":1,"featured_media":0,"parent":0,"menu_order":0,"comment_status":"closed","ping_status":"closed","template":"elementor_header_footer","meta":{"_mi_skip_tracking":false},"_links":{"self":[{"href":"http:\/\/merveyaman.com\/index.php\/wp-json\/wp\/v2\/pages\/388"}],"collection":[{"href":"http:\/\/merveyaman.com\/index.php\/wp-json\/wp\/v2\/pages"}],"about":[{"href":"http:\/\/merveyaman.com\/index.php\/wp-json\/wp\/v2\/types\/page"}],"author":[{"embeddable":true,"href":"http:\/\/merveyaman.com\/index.php\/wp-json\/wp\/v2\/users\/1"}],"replies":[{"embeddable":true,"href":"http:\/\/merveyaman.com\/index.php\/wp-json\/wp\/v2\/comments?post=388"}],"version-history":[{"count":4,"href":"http:\/\/merveyaman.com\/index.php\/wp-json\/wp\/v2\/pages\/388\/revisions"}],"predecessor-version":[{"id":393,"href":"http:\/\/merveyaman.com\/index.php\/wp-json\/wp\/v2\/pages\/388\/revisions\/393"}],"wp:attachment":[{"href":"http:\/\/merveyaman.com\/index.php\/wp-json\/wp\/v2\/media?parent=388"}],"curies":[{"name":"wp","href":"https:\/\/api.w.org\/{rel}","templated":true}]}}