{"id":316,"date":"2022-08-12T13:04:04","date_gmt":"2022-08-12T13:04:04","guid":{"rendered":"http:\/\/merveyaman.com\/?page_id=316"},"modified":"2022-08-12T13:04:50","modified_gmt":"2022-08-12T13:04:50","slug":"havacilik-psikologlarinin-crm-mulakatlarindaki-onemi","status":"publish","type":"page","link":"http:\/\/merveyaman.com\/index.php\/havacilik-psikologlarinin-crm-mulakatlarindaki-onemi\/","title":{"rendered":"HAVACILIK PS\u0130KOLOGLARININ CRM M\u00dcLAKATLARINDAK\u0130 \u00d6NEM\u0130"},"content":{"rendered":"\t\t<div data-elementor-type=\"wp-page\" data-elementor-id=\"316\" class=\"elementor elementor-316\">\n\t\t\t\t\t\t\t\t\t<section class=\"elementor-section elementor-top-section elementor-element elementor-element-2dcc2df0 elementor-section-full_width elementor-section-content-middle elementor-section-height-default elementor-section-height-default\" data-id=\"2dcc2df0\" data-element_type=\"section\">\n\t\t\t\t\t\t\t<div class=\"elementor-background-overlay\"><\/div>\n\t\t\t\t\t\t\t<div class=\"elementor-container elementor-column-gap-no\">\n\t\t\t\t\t<div class=\"elementor-column elementor-col-50 elementor-top-column elementor-element elementor-element-7722a5c8\" data-id=\"7722a5c8\" data-element_type=\"column\" data-settings=\"{&quot;background_background&quot;:&quot;classic&quot;}\">\n\t\t\t<div class=\"elementor-widget-wrap elementor-element-populated\">\n\t\t\t\t\t<div class=\"elementor-background-overlay\"><\/div>\n\t\t\t\t\t\t\t\t<div class=\"elementor-element elementor-element-5a8100bc elementor-widget elementor-widget-text-editor\" data-id=\"5a8100bc\" data-element_type=\"widget\" data-widget_type=\"text-editor.default\">\n\t\t\t\t<div class=\"elementor-widget-container\">\n\t\t\t<style>\/*! elementor - v3.6.7 - 03-07-2022 *\/\n.elementor-widget-text-editor.elementor-drop-cap-view-stacked .elementor-drop-cap{background-color:#818a91;color:#fff}.elementor-widget-text-editor.elementor-drop-cap-view-framed .elementor-drop-cap{color:#818a91;border:3px solid;background-color:transparent}.elementor-widget-text-editor:not(.elementor-drop-cap-view-default) .elementor-drop-cap{margin-top:8px}.elementor-widget-text-editor:not(.elementor-drop-cap-view-default) .elementor-drop-cap-letter{width:1em;height:1em}.elementor-widget-text-editor .elementor-drop-cap{float:left;text-align:center;line-height:1;font-size:50px}.elementor-widget-text-editor .elementor-drop-cap-letter{display:inline-block}<\/style>\t\t\t\t<p>UZM. PS\u0130KOLOG<\/p>\t\t\t\t\t\t<\/div>\n\t\t\t\t<\/div>\n\t\t\t\t<div class=\"elementor-element elementor-element-2098d0da elementor-widget elementor-widget-heading\" data-id=\"2098d0da\" data-element_type=\"widget\" data-widget_type=\"heading.default\">\n\t\t\t\t<div class=\"elementor-widget-container\">\n\t\t\t<style>\/*! elementor - v3.6.7 - 03-07-2022 *\/\n.elementor-heading-title{padding:0;margin:0;line-height:1}.elementor-widget-heading .elementor-heading-title[class*=elementor-size-]>a{color:inherit;font-size:inherit;line-height:inherit}.elementor-widget-heading .elementor-heading-title.elementor-size-small{font-size:15px}.elementor-widget-heading .elementor-heading-title.elementor-size-medium{font-size:19px}.elementor-widget-heading .elementor-heading-title.elementor-size-large{font-size:29px}.elementor-widget-heading .elementor-heading-title.elementor-size-xl{font-size:39px}.elementor-widget-heading .elementor-heading-title.elementor-size-xxl{font-size:59px}<\/style><h3 class=\"elementor-heading-title elementor-size-default\">MERVE<br>YAMAN<\/h3>\t\t<\/div>\n\t\t\t\t<\/div>\n\t\t\t\t<div class=\"elementor-element elementor-element-f8df7f1 elementor-widget elementor-widget-text-editor\" data-id=\"f8df7f1\" data-element_type=\"widget\" data-widget_type=\"text-editor.default\">\n\t\t\t\t<div class=\"elementor-widget-container\">\n\t\t\t\t\t\t\t<p><b>PhD &#8211; Klinik Psikolog | Havac\u0131l\u0131k Psikolo\u011fu | VR Terapisti<\/b><\/p>\t\t\t\t\t\t<\/div>\n\t\t\t\t<\/div>\n\t\t\t\t<div class=\"elementor-element elementor-element-699241ec elementor-widget-divider--view-line elementor-widget elementor-widget-divider\" data-id=\"699241ec\" data-element_type=\"widget\" data-widget_type=\"divider.default\">\n\t\t\t\t<div class=\"elementor-widget-container\">\n\t\t\t<style>\/*! elementor - v3.6.7 - 03-07-2022 *\/\n.elementor-widget-divider{--divider-border-style:none;--divider-border-width:1px;--divider-color:#2c2c2c;--divider-icon-size:20px;--divider-element-spacing:10px;--divider-pattern-height:24px;--divider-pattern-size:20px;--divider-pattern-url:none;--divider-pattern-repeat:repeat-x}.elementor-widget-divider .elementor-divider{display:-webkit-box;display:-ms-flexbox;display:flex}.elementor-widget-divider .elementor-divider__text{font-size:15px;line-height:1;max-width:95%}.elementor-widget-divider .elementor-divider__element{margin:0 var(--divider-element-spacing);-ms-flex-negative:0;flex-shrink:0}.elementor-widget-divider .elementor-icon{font-size:var(--divider-icon-size)}.elementor-widget-divider .elementor-divider-separator{display:-webkit-box;display:-ms-flexbox;display:flex;margin:0;direction:ltr}.elementor-widget-divider--view-line_icon .elementor-divider-separator,.elementor-widget-divider--view-line_text .elementor-divider-separator{-webkit-box-align:center;-ms-flex-align:center;align-items:center}.elementor-widget-divider--view-line_icon .elementor-divider-separator:after,.elementor-widget-divider--view-line_icon .elementor-divider-separator:before,.elementor-widget-divider--view-line_text .elementor-divider-separator:after,.elementor-widget-divider--view-line_text .elementor-divider-separator:before{display:block;content:\"\";border-bottom:0;-webkit-box-flex:1;-ms-flex-positive:1;flex-grow:1;border-top:var(--divider-border-width) var(--divider-border-style) var(--divider-color)}.elementor-widget-divider--element-align-left .elementor-divider .elementor-divider-separator>.elementor-divider__svg:first-of-type{-webkit-box-flex:0;-ms-flex-positive:0;flex-grow:0;-ms-flex-negative:100;flex-shrink:100}.elementor-widget-divider--element-align-left .elementor-divider-separator:before{content:none}.elementor-widget-divider--element-align-left .elementor-divider__element{margin-left:0}.elementor-widget-divider--element-align-right .elementor-divider .elementor-divider-separator>.elementor-divider__svg:last-of-type{-webkit-box-flex:0;-ms-flex-positive:0;flex-grow:0;-ms-flex-negative:100;flex-shrink:100}.elementor-widget-divider--element-align-right .elementor-divider-separator:after{content:none}.elementor-widget-divider--element-align-right .elementor-divider__element{margin-right:0}.elementor-widget-divider:not(.elementor-widget-divider--view-line_text):not(.elementor-widget-divider--view-line_icon) .elementor-divider-separator{border-top:var(--divider-border-width) var(--divider-border-style) var(--divider-color)}.elementor-widget-divider--separator-type-pattern{--divider-border-style:none}.elementor-widget-divider--separator-type-pattern.elementor-widget-divider--view-line .elementor-divider-separator,.elementor-widget-divider--separator-type-pattern:not(.elementor-widget-divider--view-line) .elementor-divider-separator:after,.elementor-widget-divider--separator-type-pattern:not(.elementor-widget-divider--view-line) .elementor-divider-separator:before,.elementor-widget-divider--separator-type-pattern:not([class*=elementor-widget-divider--view]) .elementor-divider-separator{width:100%;min-height:var(--divider-pattern-height);-webkit-mask-size:var(--divider-pattern-size) 100%;mask-size:var(--divider-pattern-size) 100%;-webkit-mask-repeat:var(--divider-pattern-repeat);mask-repeat:var(--divider-pattern-repeat);background-color:var(--divider-color);-webkit-mask-image:var(--divider-pattern-url);mask-image:var(--divider-pattern-url)}.elementor-widget-divider--no-spacing{--divider-pattern-size:auto}.elementor-widget-divider--bg-round{--divider-pattern-repeat:round}.rtl .elementor-widget-divider .elementor-divider__text{direction:rtl}<\/style>\t\t<div class=\"elementor-divider\">\n\t\t\t<span class=\"elementor-divider-separator\">\n\t\t\t\t\t\t<\/span>\n\t\t<\/div>\n\t\t\t\t<\/div>\n\t\t\t\t<\/div>\n\t\t\t\t\t<\/div>\n\t\t<\/div>\n\t\t\t\t<div class=\"elementor-column elementor-col-50 elementor-top-column elementor-element elementor-element-4bf0e577\" data-id=\"4bf0e577\" data-element_type=\"column\">\n\t\t\t<div class=\"elementor-widget-wrap elementor-element-populated\">\n\t\t\t\t\t\t\t\t<div class=\"elementor-element elementor-element-e0e3791 elementor-widget elementor-widget-image\" data-id=\"e0e3791\" data-element_type=\"widget\" data-widget_type=\"image.default\">\n\t\t\t\t<div class=\"elementor-widget-container\">\n\t\t\t<style>\/*! elementor - v3.6.7 - 03-07-2022 *\/\n.elementor-widget-image{text-align:center}.elementor-widget-image a{display:inline-block}.elementor-widget-image a img[src$=\".svg\"]{width:48px}.elementor-widget-image img{vertical-align:middle;display:inline-block}<\/style>\t\t\t\t\t\t\t\t\t\t\t\t<img width=\"481\" height=\"666\" src=\"http:\/\/merveyaman.com\/wp-content\/uploads\/2022\/07\/merve_yaman.png\" class=\"attachment-full size-full\" alt=\"\" loading=\"lazy\" srcset=\"http:\/\/merveyaman.com\/wp-content\/uploads\/2022\/07\/merve_yaman.png 481w, http:\/\/merveyaman.com\/wp-content\/uploads\/2022\/07\/merve_yaman-217x300.png 217w\" sizes=\"(max-width: 481px) 100vw, 481px\" \/>\t\t\t\t\t\t\t\t\t\t\t\t\t\t\t<\/div>\n\t\t\t\t<\/div>\n\t\t\t\t\t<\/div>\n\t\t<\/div>\n\t\t\t\t\t\t\t<\/div>\n\t\t<\/section>\n\t\t\t\t<section class=\"elementor-section elementor-top-section elementor-element elementor-element-a83f6a7 elementor-section-content-top elementor-section-boxed elementor-section-height-default elementor-section-height-default\" data-id=\"a83f6a7\" data-element_type=\"section\" data-settings=\"{&quot;background_background&quot;:&quot;classic&quot;}\">\n\t\t\t\t\t\t<div class=\"elementor-container elementor-column-gap-no\">\n\t\t\t\t\t<div class=\"elementor-column elementor-col-100 elementor-top-column elementor-element elementor-element-cad7c8a\" data-id=\"cad7c8a\" data-element_type=\"column\">\n\t\t\t<div class=\"elementor-widget-wrap elementor-element-populated\">\n\t\t\t\t\t\t\t\t<div class=\"elementor-element elementor-element-39d094b elementor-widget-divider--view-line elementor-widget elementor-widget-divider\" data-id=\"39d094b\" data-element_type=\"widget\" data-widget_type=\"divider.default\">\n\t\t\t\t<div class=\"elementor-widget-container\">\n\t\t\t\t\t<div class=\"elementor-divider\">\n\t\t\t<span class=\"elementor-divider-separator\">\n\t\t\t\t\t\t<\/span>\n\t\t<\/div>\n\t\t\t\t<\/div>\n\t\t\t\t<\/div>\n\t\t\t\t<div class=\"elementor-element elementor-element-e97f472 elementor-widget elementor-widget-heading\" data-id=\"e97f472\" data-element_type=\"widget\" data-widget_type=\"heading.default\">\n\t\t\t\t<div class=\"elementor-widget-container\">\n\t\t\t<h2 class=\"elementor-heading-title elementor-size-default\">MAKALELER<\/h2>\t\t<\/div>\n\t\t\t\t<\/div>\n\t\t\t\t\t<\/div>\n\t\t<\/div>\n\t\t\t\t\t\t\t<\/div>\n\t\t<\/section>\n\t\t\t\t<section class=\"elementor-section elementor-top-section elementor-element elementor-element-71c16c3 elementor-section-boxed elementor-section-height-default elementor-section-height-default\" data-id=\"71c16c3\" data-element_type=\"section\">\n\t\t\t\t\t\t<div class=\"elementor-container elementor-column-gap-default\">\n\t\t\t\t\t<div class=\"elementor-column elementor-col-100 elementor-top-column elementor-element elementor-element-8ff0463\" data-id=\"8ff0463\" data-element_type=\"column\">\n\t\t\t<div class=\"elementor-widget-wrap elementor-element-populated\">\n\t\t\t\t\t\t\t\t<div class=\"elementor-element elementor-element-aecf299 elementor-widget elementor-widget-text-editor\" data-id=\"aecf299\" data-element_type=\"widget\" data-widget_type=\"text-editor.default\">\n\t\t\t\t<div class=\"elementor-widget-container\">\n\t\t\t\t\t\t\t<p class=\"p1\"><b>HAVACILIK PS\u0130KOLOGLARININ CRM M\u00dcLAKATLARINDAK\u0130 \u00d6NEM\u0130<\/b><\/p><p class=\"p1\">CRM ve Kurul M\u00fclakatlar\u0131, Havayolu \u015firketlerinde \u00f6zellikle pilot adaylar\u0131n\u0131n se\u00e7iminde \u00f6nemli bir yere sahiptir. Her havayolu \u015firketi kendi ekibini kurar ve izledikleri prosed\u00fcrlerde de\u011fi\u015fiklikler yapabilir. Genel hatlar\u0131yla izlenen yol \u015fu \u015fekildedir; boy-kilo gibi standartlar\u0131 sa\u011flamak ve pilot olmaya engel te\u015fkil etmedi\u011fine dair sa\u011fl\u0131k a\u015famas\u0131ndan ge\u00e7mek, \u0130ngilizce Yeterlilik belgesini sa\u011flamak, Sim\u00fclasyon ya da Teknik Bilgi (DLR vb.) s\u0131navlar\u0131ndan yeterli puan almak, CRM gibi bir psikolojik de\u011ferlendirme s\u00fcrecinden ba\u015far\u0131yla ge\u00e7mek ve son a\u015famada Kurul M\u00fclakat\u0131nda; \u0130ngilizce ve T\u00fcrk\u00e7e konu\u015farak \u00f6zellikle kaptan pilotun \u00f6nc\u00fcl\u00fc\u011f\u00fcnde pilot aday aday\u0131n\u0131n de\u011ferlendirilme s\u00fcrecini kapsar.<span class=\"Apple-converted-space\">\u00a0<\/span><\/p><p class=\"p1\">T\u00fcm bu a\u015famalarda yer alan ekip \u00fcyelerinin titizlikle se\u00e7ilmeleri b\u00fcy\u00fck \u00f6nem arz eder, \u00e7\u00fcnk\u00fc adaylar\u0131n \u00f6zellikle CRM ad\u0131 verilen Psikolojik De\u011ferlendirme M\u00fclakatlar\u0131na ve Kurul M\u00fclakatlar\u0131na en fazla 2 kere girme hakk\u0131 bulunur. Bu nedenle, ekip \u00fcyelerinin m\u00fclakat esnas\u0131nda uyulmas\u0131 gereken kurallara uymas\u0131 ve her adaya gereken \u00f6nemi g\u00f6stermesi gerekir.<\/p><p class=\"p1\">G\u00fcn\u00fcm\u00fczde artan pilot ihtiyac\u0131 sebebi ile Havayolu \u015eirketlerinin m\u00fclakat ekip \u00fcyelerinin kriterlerine daha fazla dikkat ederek kendi ekiplerini olu\u015fturmalar\u0131 gerekti\u011fi g\u00f6zlemlenmektedir.<\/p><p class=\"p1\">Bilinmelidir ki; bir m\u00fclakat\u00e7\u0131da olmas\u0131 gereken m\u00fclakat ve saha tecr\u00fcbelerine fazla dikkat edilmezse uzun vadede maalesef \u00e7ok daha b\u00fcy\u00fck krizler ortaya \u00e7\u0131kabilir. Yanl\u0131\u015f ve ki\u015fisel de\u011ferlendirmeler yapan m\u00fclakat\u00e7\u0131lar; \u2018Pilot Olmamas\u0131\u2019 gereken \u00f6zellikte ki\u015fileri se\u00e7erek uzun vadede \u015firketin yanl\u0131\u015f ki\u015filere yat\u0131r\u0131m yapmas\u0131n\u0131 sa\u011flar ve muhtemelen bir\u00e7ok \u2018\u0130nsan Fakt\u00f6r\u00fc\u2019 sebebiyle meydana gelen ve istenmeyen g\u00f6r\u00fcnt\u00fclere sebep olabilir.<\/p><p class=\"p1\">Buna ek olarak, bu tip m\u00fclakat ekiplerinin olu\u015fturulmas\u0131nda \u00f6zellikle CRM b\u00f6l\u00fcm\u00fcnde olmas\u0131 gereken Sivil Havac\u0131l\u0131k Kriterleri \u015fu \u015fekildedir:<span class=\"Apple-converted-space\">\u00a0<\/span><\/p><ul class=\"ul1\"><li class=\"li1\"><b>Havac\u0131l\u0131k Psikologlar\u0131n\u0131n istihdam\u0131:<\/b> Sahada en az 2 y\u0131l tecr\u00fcbe kazanm\u0131\u015f, ileti\u015fim becerileri ve m\u00fclakat teknikleri konusunda sertifikalar\u0131n\u0131 alm\u0131\u015f, havac\u0131l\u0131k konusunda temel teorik alt yap\u0131ya sahip, psikopatolojik a\u00e7\u0131dan de\u011ferlendirme yapabilme becerisine sahip, kurum k\u00fclt\u00fcr\u00fc hakk\u0131nda bilgi sahibi olan, bir pilotta olmas\u0131 gereken \u00f6zellikleri net bir \u015fekilde anlam\u0131\u015f ve se\u00e7ebilen, \u00f6nyarg\u0131lar\u0131ndan ve kendi egosundan yapt\u0131\u011f\u0131 i\u015fi ayr\u0131\u015ft\u0131rabilen ve en \u00f6nemlisi \u00f6zdisiplini olan Havac\u0131l\u0131k Psikologlar\u0131n\u0131n al\u0131nmas\u0131 bu konuda ciddi ve hassas bir noktad\u0131r.<\/li><li class=\"li1\"><b>Neden Klinik veya \u00c7ift\/Aile Terapistleri CRM M\u00fclakatlar\u0131nda etkin olmayabilir?<\/b><br \/>\u00c7\u00fcnk\u00fc, bu uzmanlar dan\u0131\u015fan ile aralar\u0131ndaki ili\u015fkiyi kurma ve s\u00fcrd\u00fcrme \u00fczerine uzmanla\u015fm\u0131\u015f ve ki\u015finin semptomlar\u0131na ve psikopatolojik alt yap\u0131s\u0131na bakarak \u2018iyile\u015ftirme\u2019 hedefi ile dan\u0131\u015fan\u0131na terap\u00f6tik ili\u015fki ile yakla\u015f\u0131m g\u00f6stermektedir. <br \/><b>Ancak Havac\u0131l\u0131k Psikolojisinde<\/b>; kar\u015f\u0131m\u0131zdaki pilot aday\u0131n\u0131 \u2018sorunlar\u0131n\u0131 bulma\u2019 ve \u2018iyile\u015ftirme\u2019 esas\u0131na dayal\u0131 bir s\u00fcre\u00e7 ile adaylar se\u00e7ilmemektedir. Bir pilot aday\u0131nda bak\u0131lmas\u0131 gereken temel unsur; o pilotun temel ki\u015filik yap\u0131s\u0131nda pilot olmaya engel te\u015fkil eden bir durum varsa tespit edilmesi ve e\u011fer yoksa o \u015firket b\u00fcnyesinde ne kadar \u2018yeti\u015ftirilebilir\u2019 ve \u2018e\u011fitilebilir\u2019 bir pilot aday aday\u0131 oldu\u011funun do\u011fru sorularla tespit edilmesidir.<\/li><li class=\"li1\"><b>Havac\u0131l\u0131k Psikolojisi Vs Klinik Psikoloji:<\/b><br \/>Bir havac\u0131l\u0131k psikolo\u011funun mutlaka klinik psikoloji alt yap\u0131s\u0131 olmal\u0131d\u0131r. Buna ek olarak, havayolu \u015firketlerinde mutlaka saha tecr\u00fcbesi edinmi\u015f, kendisini yeti\u015ftirmi\u015f ve kurumun sa\u011flad\u0131\u011f\u0131 olanaklar ile bir\u00e7ok konuda yeterlilik belgelerini almalar\u0131 \u00f6nemlidir.<\/li><\/ul><p class=\"p4\">Bu anlamda, bir klinik psikolog uzun y\u0131llar havac\u0131l\u0131k konusunda m\u00fclakat tecr\u00fcbesi ya\u015fam\u0131\u015f ve do\u011fru e\u011fitimleri alm\u0131\u015fsa ba\u015far\u0131l\u0131 bir \u2018profesyonel havac\u0131l\u0131k psikolo\u011fu\u2019 olabilmektedir. Tam tersine; havac\u0131l\u0131k ile ilgili hi\u00e7bir teorik ve pratik alt yap\u0131s\u0131 olmayan bir klinik psikolog direkt psikolojik de\u011ferlendirme s\u00fcre\u00e7lerindeki m\u00fclakat\u00e7\u0131 olursa adil ve do\u011fru bir muhakeme maalesef olamayacakt\u0131r ve bir\u00e7ok pilot olmay\u0131 hakeden ve e\u011fitilebilir aday\u0131 yanl\u0131\u015f muhakeme ile sistemden elemi\u015f olacakt\u0131r.<br \/><br \/>T\u00fcm bunlar g\u00f6z \u00f6n\u00fcnde bulunduruldu\u011funda; havayolu \u015firketlerinin m\u00fclakat\u00e7\u0131lar\u0131n\u0131 en do\u011fru uzmanl\u0131k alanlar\u0131ndan se\u00e7meleri halinde uzun vadede daha az sorunla kar\u015f\u0131la\u015facaklar\u0131 a\u015fikard\u0131r. Buna ek olarak; do\u011fru bir ekiple, do\u011fru kurgulanan ve \u00f6l\u00e7\u00fclebilir bir sistemle, belli bir standard\u0131 olan m\u00fclakat ko\u015fullar\u0131 sa\u011fland\u0131\u011f\u0131nda daha adil ve daha profesyonel bir duru\u015f sergilenece\u011fi \u00f6ng\u00f6r\u00fclmektedir.<\/p>\t\t\t\t\t\t<\/div>\n\t\t\t\t<\/div>\n\t\t\t\t\t<\/div>\n\t\t<\/div>\n\t\t\t\t\t\t\t<\/div>\n\t\t<\/section>\n\t\t\t\t<section class=\"elementor-section elementor-top-section elementor-element elementor-element-6da89cb elementor-section-boxed elementor-section-height-default elementor-section-height-default\" data-id=\"6da89cb\" data-element_type=\"section\">\n\t\t\t\t\t\t<div class=\"elementor-container elementor-column-gap-default\">\n\t\t\t\t\t<div class=\"elementor-column elementor-col-100 elementor-top-column elementor-element elementor-element-8e3264e\" data-id=\"8e3264e\" data-element_type=\"column\">\n\t\t\t<div class=\"elementor-widget-wrap elementor-element-populated\">\n\t\t\t\t\t\t\t\t<div class=\"elementor-element elementor-element-6d674c4 elementor-align-center elementor-invisible elementor-widget elementor-widget-button\" data-id=\"6d674c4\" data-element_type=\"widget\" data-settings=\"{&quot;_animation&quot;:&quot;fadeIn&quot;}\" data-widget_type=\"button.default\">\n\t\t\t\t<div class=\"elementor-widget-container\">\n\t\t\t\t\t<div class=\"elementor-button-wrapper\">\n\t\t\t<a href=\"http:\/\/merveyaman.com\/index.php\/makaleler\/\" class=\"elementor-button-link elementor-button elementor-size-sm\" role=\"button\">\n\t\t\t\t\t\t<span class=\"elementor-button-content-wrapper\">\n\t\t\t\t\t\t<span class=\"elementor-button-text\">T\u00fcm Makaleler<\/span>\n\t\t<\/span>\n\t\t\t\t\t<\/a>\n\t\t<\/div>\n\t\t\t\t<\/div>\n\t\t\t\t<\/div>\n\t\t\t\t\t<\/div>\n\t\t<\/div>\n\t\t\t\t\t\t\t<\/div>\n\t\t<\/section>\n\t\t\t\t\t\t\t<\/div>\n\t\t","protected":false},"excerpt":{"rendered":"<p>UZM. PS\u0130KOLOG MERVEYAMAN PhD &#8211; Klinik Psikolog | Havac\u0131l\u0131k Psikolo\u011fu | VR Terapisti MAKALELER HAVACILIK PS\u0130KOLOGLARININ CRM M\u00dcLAKATLARINDAK\u0130 \u00d6NEM\u0130 CRM ve Kurul M\u00fclakatlar\u0131, Havayolu \u015firketlerinde \u00f6zellikle pilot adaylar\u0131n\u0131n se\u00e7iminde \u00f6nemli bir yere sahiptir. Her havayolu \u015firketi kendi ekibini kurar ve izledikleri prosed\u00fcrlerde de\u011fi\u015fiklikler yapabilir. Genel hatlar\u0131yla izlenen yol \u015fu \u015fekildedir; boy-kilo gibi standartlar\u0131 sa\u011flamak ve [&hellip;]<\/p>\n","protected":false},"author":1,"featured_media":0,"parent":0,"menu_order":0,"comment_status":"closed","ping_status":"closed","template":"elementor_header_footer","meta":{"_mi_skip_tracking":false},"_links":{"self":[{"href":"http:\/\/merveyaman.com\/index.php\/wp-json\/wp\/v2\/pages\/316"}],"collection":[{"href":"http:\/\/merveyaman.com\/index.php\/wp-json\/wp\/v2\/pages"}],"about":[{"href":"http:\/\/merveyaman.com\/index.php\/wp-json\/wp\/v2\/types\/page"}],"author":[{"embeddable":true,"href":"http:\/\/merveyaman.com\/index.php\/wp-json\/wp\/v2\/users\/1"}],"replies":[{"embeddable":true,"href":"http:\/\/merveyaman.com\/index.php\/wp-json\/wp\/v2\/comments?post=316"}],"version-history":[{"count":4,"href":"http:\/\/merveyaman.com\/index.php\/wp-json\/wp\/v2\/pages\/316\/revisions"}],"predecessor-version":[{"id":320,"href":"http:\/\/merveyaman.com\/index.php\/wp-json\/wp\/v2\/pages\/316\/revisions\/320"}],"wp:attachment":[{"href":"http:\/\/merveyaman.com\/index.php\/wp-json\/wp\/v2\/media?parent=316"}],"curies":[{"name":"wp","href":"https:\/\/api.w.org\/{rel}","templated":true}]}}